{"id":45,"date":"2025-04-24T21:55:10","date_gmt":"2025-04-24T19:55:10","guid":{"rendered":"https:\/\/alumni.mbausach.cl\/?page_id=45"},"modified":"2025-05-23T15:18:28","modified_gmt":"2025-05-23T13:18:28","slug":"membresia","status":"publish","type":"page","link":"https:\/\/alumni.mbausach.cl\/index.php\/membresia\/","title":{"rendered":"Membresia"},"content":{"rendered":"\t\t<div data-elementor-type=\"wp-page\" data-elementor-id=\"45\" class=\"elementor elementor-45\" data-elementor-post-type=\"page\">\n\t\t\t\t<div class=\"elementor-element elementor-element-2c727e1 e-flex e-con-boxed e-con e-parent\" data-id=\"2c727e1\" data-element_type=\"container\">\n\t\t\t\t\t<div class=\"e-con-inner\">\n\t\t\t\t<div class=\"elementor-element elementor-element-387fc62 elementor-widget elementor-widget-spacer\" data-id=\"387fc62\" data-element_type=\"widget\" data-widget_type=\"spacer.default\">\n\t\t\t\t<div class=\"elementor-widget-container\">\n\t\t\t\t\t\t\t<div class=\"elementor-spacer\">\n\t\t\t<div class=\"elementor-spacer-inner\"><\/div>\n\t\t<\/div>\n\t\t\t\t\t\t<\/div>\n\t\t\t\t<\/div>\n\t\t\t\t\t<\/div>\n\t\t\t\t<\/div>\n\t\t<div class=\"elementor-element elementor-element-7624752 e-flex e-con-boxed e-con e-parent\" data-id=\"7624752\" data-element_type=\"container\">\n\t\t\t\t\t<div class=\"e-con-inner\">\n\t\t\t\t<div class=\"elementor-element elementor-element-913301b elementor-widget elementor-widget-heading\" data-id=\"913301b\" data-element_type=\"widget\" data-widget_type=\"heading.default\">\n\t\t\t\t<div class=\"elementor-widget-container\">\n\t\t\t\t\t<h2 class=\"elementor-heading-title elementor-size-default\">S\u00e9 parte de la Red Alumni MBA USACH<\/h2>\t\t\t\t<\/div>\n\t\t\t\t<\/div>\n\t\t\t\t<div class=\"elementor-element elementor-element-5a1e636 elementor-widget elementor-widget-heading\" data-id=\"5a1e636\" data-element_type=\"widget\" data-widget_type=\"heading.default\">\n\t\t\t\t<div class=\"elementor-widget-container\">\n\t\t\t\t\t<h2 class=\"elementor-heading-title elementor-size-default\">Activa tu membres\u00eda anual y accede a beneficios exclusivos<\/h2>\t\t\t\t<\/div>\n\t\t\t\t<\/div>\n\t\t\t\t<div class=\"elementor-element elementor-element-71cce5f elementor-widget elementor-widget-text-editor\" data-id=\"71cce5f\" data-element_type=\"widget\" data-widget_type=\"text-editor.default\">\n\t\t\t\t<div class=\"elementor-widget-container\">\n\t\t\t\t\t\t\t\t\t<p>Al integrarte a la Red Alumni MBA USACH, te conectas con una comunidad activa de l\u00edderes y profesionales, accedes a oportunidades \u00fanicas y fortaleces tu v\u00ednculo con el MBA que marc\u00f3 tu trayectoria.<\/p><p>La membres\u00eda tiene un valor de <strong>$59.900<\/strong>\u00a0al a\u00f1o, y te entrega acceso a beneficios exclusivos pensados para tu desarrollo profesional y conexi\u00f3n constante con la comunidad.<\/p>\t\t\t\t\t\t\t\t<\/div>\n\t\t\t\t<\/div>\n\t\t\t\t\t<\/div>\n\t\t\t\t<\/div>\n\t\t<div class=\"elementor-element elementor-element-f66991a e-flex e-con-boxed e-con e-parent\" data-id=\"f66991a\" data-element_type=\"container\">\n\t\t\t\t\t<div class=\"e-con-inner\">\n\t\t\t\t<div class=\"elementor-element elementor-element-d73df4e elementor-widget elementor-widget-spacer\" data-id=\"d73df4e\" data-element_type=\"widget\" data-widget_type=\"spacer.default\">\n\t\t\t\t<div class=\"elementor-widget-container\">\n\t\t\t\t\t\t\t<div class=\"elementor-spacer\">\n\t\t\t<div class=\"elementor-spacer-inner\"><\/div>\n\t\t<\/div>\n\t\t\t\t\t\t<\/div>\n\t\t\t\t<\/div>\n\t\t\t\t\t<\/div>\n\t\t\t\t<\/div>\n\t\t<div class=\"elementor-element elementor-element-c029903 e-flex e-con-boxed e-con e-parent\" data-id=\"c029903\" data-element_type=\"container\">\n\t\t\t\t\t<div class=\"e-con-inner\">\n\t\t\t\t<div class=\"elementor-element elementor-element-c2c434b elementor-widget elementor-widget-heading\" data-id=\"c2c434b\" data-element_type=\"widget\" data-widget_type=\"heading.default\">\n\t\t\t\t<div class=\"elementor-widget-container\">\n\t\t\t\t\t<h2 class=\"elementor-heading-title elementor-size-default\">\u00bfQu\u00e9 incluye tu membres\u00eda?<\/h2>\t\t\t\t<\/div>\n\t\t\t\t<\/div>\n\t\t\t\t\t<\/div>\n\t\t\t\t<\/div>\n\t\t<div class=\"elementor-element elementor-element-d582cc6 e-flex e-con-boxed e-con e-parent\" data-id=\"d582cc6\" data-element_type=\"container\">\n\t\t\t\t\t<div class=\"e-con-inner\">\n\t\t<div class=\"elementor-element elementor-element-08ab803 e-con-full e-flex e-con e-child\" data-id=\"08ab803\" data-element_type=\"container\">\n\t\t\t\t<div class=\"elementor-element elementor-element-18a15e9 elementor-widget elementor-widget-text-editor\" data-id=\"18a15e9\" data-element_type=\"widget\" data-widget_type=\"text-editor.default\">\n\t\t\t\t<div class=\"elementor-widget-container\">\n\t\t\t\t\t\t\t\t\t<p><strong>50% de descuento<\/strong> para familiares que deseen cursar el MBA USACH<\/p>\t\t\t\t\t\t\t\t<\/div>\n\t\t\t\t<\/div>\n\t\t\t\t<\/div>\n\t\t<div class=\"elementor-element elementor-element-8abd23a e-con-full e-flex e-con e-child\" data-id=\"8abd23a\" data-element_type=\"container\">\n\t\t\t\t<div class=\"elementor-element elementor-element-c7ebcbc elementor-widget elementor-widget-text-editor\" data-id=\"c7ebcbc\" data-element_type=\"widget\" data-widget_type=\"text-editor.default\">\n\t\t\t\t<div class=\"elementor-widget-container\">\n\t\t\t\t\t\t\t\t\t<p><strong>40% de descuento<\/strong> en diplomados FAE USACH<\/p>\t\t\t\t\t\t\t\t<\/div>\n\t\t\t\t<\/div>\n\t\t\t\t<\/div>\n\t\t<div class=\"elementor-element elementor-element-d0068ad e-con-full e-flex e-con e-child\" data-id=\"d0068ad\" data-element_type=\"container\">\n\t\t\t\t<div class=\"elementor-element elementor-element-2f1c770 elementor-widget elementor-widget-text-editor\" data-id=\"2f1c770\" data-element_type=\"widget\" data-widget_type=\"text-editor.default\">\n\t\t\t\t<div class=\"elementor-widget-container\">\n\t\t\t\t\t\t\t\t\t<p><strong>30% de descuento<\/strong> en cursos de escuelas internacionales<\/p>\t\t\t\t\t\t\t\t<\/div>\n\t\t\t\t<\/div>\n\t\t\t\t<\/div>\n\t\t<div class=\"elementor-element elementor-element-9707f4f e-con-full e-flex e-con e-child\" data-id=\"9707f4f\" data-element_type=\"container\">\n\t\t\t\t<div class=\"elementor-element elementor-element-7ec32a5 elementor-widget elementor-widget-text-editor\" data-id=\"7ec32a5\" data-element_type=\"widget\" data-widget_type=\"text-editor.default\">\n\t\t\t\t<div class=\"elementor-widget-container\">\n\t\t\t\t\t\t\t\t\t<p><strong>Coaching profesional gratuito<br \/><\/strong>(3 cupos mensuales)<\/p>\t\t\t\t\t\t\t\t<\/div>\n\t\t\t\t<\/div>\n\t\t\t\t<\/div>\n\t\t\t\t\t<\/div>\n\t\t\t\t<\/div>\n\t\t<div class=\"elementor-element elementor-element-6898a9d e-flex e-con-boxed e-con e-parent\" data-id=\"6898a9d\" data-element_type=\"container\">\n\t\t\t\t\t<div class=\"e-con-inner\">\n\t\t<div class=\"elementor-element elementor-element-40a7c25 e-con-full e-flex e-con e-child\" data-id=\"40a7c25\" data-element_type=\"container\">\n\t\t\t\t<div class=\"elementor-element elementor-element-63d4cc9 elementor-widget elementor-widget-text-editor\" data-id=\"63d4cc9\" data-element_type=\"widget\" data-widget_type=\"text-editor.default\">\n\t\t\t\t<div class=\"elementor-widget-container\">\n\t\t\t\t\t\t\t\t\t<p>Talleres y charlas <strong>exclusivas<\/strong><\/p>\t\t\t\t\t\t\t\t<\/div>\n\t\t\t\t<\/div>\n\t\t\t\t<\/div>\n\t\t<div class=\"elementor-element elementor-element-db29edf e-con-full e-flex e-con e-child\" data-id=\"db29edf\" data-element_type=\"container\">\n\t\t\t\t<div class=\"elementor-element elementor-element-d6c98ad elementor-widget elementor-widget-text-editor\" data-id=\"d6c98ad\" data-element_type=\"widget\" data-widget_type=\"text-editor.default\">\n\t\t\t\t<div class=\"elementor-widget-container\">\n\t\t\t\t\t\t\t\t\t<p>Electivos con certificaci\u00f3n<br \/><strong>(30% dcto.)<\/strong><\/p>\t\t\t\t\t\t\t\t<\/div>\n\t\t\t\t<\/div>\n\t\t\t\t<\/div>\n\t\t<div class=\"elementor-element elementor-element-c9d4ef8 e-con-full e-flex e-con e-child\" data-id=\"c9d4ef8\" data-element_type=\"container\">\n\t\t\t\t<div class=\"elementor-element elementor-element-42c834b elementor-widget elementor-widget-text-editor\" data-id=\"42c834b\" data-element_type=\"widget\" data-widget_type=\"text-editor.default\">\n\t\t\t\t<div class=\"elementor-widget-container\">\n\t\t\t\t\t\t\t\t\t<p>Acceso a espacio de <strong>cowork<\/strong> en CEPEC (3 reservas mensuales)<\/p>\t\t\t\t\t\t\t\t<\/div>\n\t\t\t\t<\/div>\n\t\t\t\t<\/div>\n\t\t<div class=\"elementor-element elementor-element-28c8e34 e-con-full e-flex e-con e-child\" data-id=\"28c8e34\" data-element_type=\"container\">\n\t\t\t\t<div class=\"elementor-element elementor-element-318460b elementor-widget elementor-widget-text-editor\" data-id=\"318460b\" data-element_type=\"widget\" data-widget_type=\"text-editor.default\">\n\t\t\t\t<div class=\"elementor-widget-container\">\n\t\t\t\t\t\t\t\t\t<p><strong>Descuentos<\/strong> en eventos de networking<\/p>\t\t\t\t\t\t\t\t<\/div>\n\t\t\t\t<\/div>\n\t\t\t\t<\/div>\n\t\t\t\t\t<\/div>\n\t\t\t\t<\/div>\n\t\t<div class=\"elementor-element elementor-element-a692555 e-flex e-con-boxed e-con e-parent\" data-id=\"a692555\" data-element_type=\"container\">\n\t\t\t\t\t<div class=\"e-con-inner\">\n\t\t<div class=\"elementor-element elementor-element-d79fd49 e-con-full e-flex e-con e-child\" data-id=\"d79fd49\" data-element_type=\"container\">\n\t\t\t\t<div class=\"elementor-element elementor-element-a081a3a elementor-widget elementor-widget-text-editor\" data-id=\"a081a3a\" data-element_type=\"widget\" data-widget_type=\"text-editor.default\">\n\t\t\t\t<div class=\"elementor-widget-container\">\n\t\t\t\t\t\t\t\t\t<p>Visitas <strong>empresariales exclusivas<\/strong><\/p>\t\t\t\t\t\t\t\t<\/div>\n\t\t\t\t<\/div>\n\t\t\t\t<\/div>\n\t\t<div class=\"elementor-element elementor-element-df95e35 e-con-full e-flex e-con e-child\" data-id=\"df95e35\" data-element_type=\"container\">\n\t\t\t\t<div class=\"elementor-element elementor-element-98a3a5c elementor-widget elementor-widget-text-editor\" data-id=\"98a3a5c\" data-element_type=\"widget\" data-widget_type=\"text-editor.default\">\n\t\t\t\t<div class=\"elementor-widget-container\">\n\t\t\t\t\t\t\t\t\t<p>Y <strong>nuevos beneficios<\/strong> cada mes!<\/p>\t\t\t\t\t\t\t\t<\/div>\n\t\t\t\t<\/div>\n\t\t\t\t<\/div>\n\t\t<div class=\"elementor-element elementor-element-478e2c0 e-con-full elementor-hidden-mobile e-flex e-con e-child\" data-id=\"478e2c0\" data-element_type=\"container\">\n\t\t\t\t<\/div>\n\t\t<div class=\"elementor-element elementor-element-38f0156 e-con-full elementor-hidden-mobile e-flex e-con e-child\" data-id=\"38f0156\" data-element_type=\"container\">\n\t\t\t\t<\/div>\n\t\t\t\t\t<\/div>\n\t\t\t\t<\/div>\n\t\t<div class=\"elementor-element elementor-element-7494fe1 e-flex e-con-boxed e-con e-parent\" data-id=\"7494fe1\" data-element_type=\"container\">\n\t\t\t\t\t<div class=\"e-con-inner\">\n\t\t\t\t<div class=\"elementor-element elementor-element-76c4d57 elementor-widget elementor-widget-spacer\" data-id=\"76c4d57\" data-element_type=\"widget\" data-widget_type=\"spacer.default\">\n\t\t\t\t<div class=\"elementor-widget-container\">\n\t\t\t\t\t\t\t<div class=\"elementor-spacer\">\n\t\t\t<div class=\"elementor-spacer-inner\"><\/div>\n\t\t<\/div>\n\t\t\t\t\t\t<\/div>\n\t\t\t\t<\/div>\n\t\t\t\t\t<\/div>\n\t\t\t\t<\/div>\n\t\t<div class=\"elementor-element elementor-element-882dba7 e-flex e-con-boxed e-con e-parent\" data-id=\"882dba7\" data-element_type=\"container\">\n\t\t\t\t\t<div class=\"e-con-inner\">\n\t\t\t\t<div class=\"elementor-element elementor-element-f72be75 elementor-widget elementor-widget-heading\" data-id=\"f72be75\" data-element_type=\"widget\" data-widget_type=\"heading.default\">\n\t\t\t\t<div class=\"elementor-widget-container\">\n\t\t\t\t\t<h2 class=\"elementor-heading-title elementor-size-default\">\u00bfC\u00f3mo activar tu membres\u00eda?<\/h2>\t\t\t\t<\/div>\n\t\t\t\t<\/div>\n\t\t\t\t\t<\/div>\n\t\t\t\t<\/div>\n\t\t<div class=\"elementor-element elementor-element-c3bb5aa e-flex e-con-boxed e-con e-parent\" data-id=\"c3bb5aa\" data-element_type=\"container\">\n\t\t\t\t\t<div class=\"e-con-inner\">\n\t\t<div class=\"elementor-element elementor-element-2172edc e-con-full e-flex e-con e-child\" data-id=\"2172edc\" data-element_type=\"container\">\n\t\t\t\t<div class=\"elementor-element elementor-element-ee4c07e elementor-view-default elementor-position-top elementor-mobile-position-top elementor-widget elementor-widget-icon-box\" data-id=\"ee4c07e\" data-element_type=\"widget\" data-widget_type=\"icon-box.default\">\n\t\t\t\t<div class=\"elementor-widget-container\">\n\t\t\t\t\t\t\t<div class=\"elementor-icon-box-wrapper\">\n\n\t\t\t\t\t\t<div class=\"elementor-icon-box-icon\">\n\t\t\t\t<span  class=\"elementor-icon\">\n\t\t\t\t<svg aria-hidden=\"true\" class=\"e-font-icon-svg e-fas-hand-point-down\" viewBox=\"0 0 384 512\" xmlns=\"http:\/\/www.w3.org\/2000\/svg\"><path d=\"M91.826 467.2V317.966c-8.248 5.841-16.558 10.57-24.918 14.153C35.098 345.752-.014 322.222 0 288c.008-18.616 10.897-32.203 29.092-40 28.286-12.122 64.329-78.648 77.323-107.534 7.956-17.857 25.479-28.453 43.845-28.464l.001-.002h171.526c11.812 0 21.897 8.596 23.703 20.269 7.25 46.837 38.483 61.76 38.315 123.731-.007 2.724.195 13.254.195 16 0 50.654-22.122 81.574-71.263 72.6-9.297 18.597-39.486 30.738-62.315 16.45-21.177 24.645-53.896 22.639-70.944 6.299V467.2c0 24.15-20.201 44.8-43.826 44.8-23.283 0-43.826-21.35-43.826-44.8zM112 72V24c0-13.255 10.745-24 24-24h192c13.255 0 24 10.745 24 24v48c0 13.255-10.745 24-24 24H136c-13.255 0-24-10.745-24-24zm212-24c0-11.046-8.954-20-20-20s-20 8.954-20 20 8.954 20 20 20 20-8.954 20-20z\"><\/path><\/svg>\t\t\t\t<\/span>\n\t\t\t<\/div>\n\t\t\t\n\t\t\t\t\t\t<div class=\"elementor-icon-box-content\">\n\n\t\t\t\t\t\t\t\t\t<h3 class=\"elementor-icon-box-title\">\n\t\t\t\t\t\t<span  >\n\t\t\t\t\t\t\tPaso 1\t\t\t\t\t\t<\/span>\n\t\t\t\t\t<\/h3>\n\t\t\t\t\n\t\t\t\t\t\t\t\t\t<p class=\"elementor-icon-box-description\">\n\t\t\t\t\t\tCompleta el formulario con tus datos personales y de contacto.\t\t\t\t\t<\/p>\n\t\t\t\t\n\t\t\t<\/div>\n\t\t\t\n\t\t<\/div>\n\t\t\t\t\t\t<\/div>\n\t\t\t\t<\/div>\n\t\t\t\t<\/div>\n\t\t<div class=\"elementor-element elementor-element-2b9a41c e-con-full e-flex e-con e-child\" data-id=\"2b9a41c\" data-element_type=\"container\">\n\t\t\t\t<div class=\"elementor-element elementor-element-c6e03c6 elementor-view-default elementor-position-top elementor-mobile-position-top elementor-widget elementor-widget-icon-box\" data-id=\"c6e03c6\" data-element_type=\"widget\" data-widget_type=\"icon-box.default\">\n\t\t\t\t<div class=\"elementor-widget-container\">\n\t\t\t\t\t\t\t<div class=\"elementor-icon-box-wrapper\">\n\n\t\t\t\t\t\t<div class=\"elementor-icon-box-icon\">\n\t\t\t\t<span  class=\"elementor-icon\">\n\t\t\t\t<svg aria-hidden=\"true\" class=\"e-font-icon-svg e-fas-hand-point-down\" viewBox=\"0 0 384 512\" xmlns=\"http:\/\/www.w3.org\/2000\/svg\"><path d=\"M91.826 467.2V317.966c-8.248 5.841-16.558 10.57-24.918 14.153C35.098 345.752-.014 322.222 0 288c.008-18.616 10.897-32.203 29.092-40 28.286-12.122 64.329-78.648 77.323-107.534 7.956-17.857 25.479-28.453 43.845-28.464l.001-.002h171.526c11.812 0 21.897 8.596 23.703 20.269 7.25 46.837 38.483 61.76 38.315 123.731-.007 2.724.195 13.254.195 16 0 50.654-22.122 81.574-71.263 72.6-9.297 18.597-39.486 30.738-62.315 16.45-21.177 24.645-53.896 22.639-70.944 6.299V467.2c0 24.15-20.201 44.8-43.826 44.8-23.283 0-43.826-21.35-43.826-44.8zM112 72V24c0-13.255 10.745-24 24-24h192c13.255 0 24 10.745 24 24v48c0 13.255-10.745 24-24 24H136c-13.255 0-24-10.745-24-24zm212-24c0-11.046-8.954-20-20-20s-20 8.954-20 20 8.954 20 20 20 20-8.954 20-20z\"><\/path><\/svg>\t\t\t\t<\/span>\n\t\t\t<\/div>\n\t\t\t\n\t\t\t\t\t\t<div class=\"elementor-icon-box-content\">\n\n\t\t\t\t\t\t\t\t\t<h3 class=\"elementor-icon-box-title\">\n\t\t\t\t\t\t<span  >\n\t\t\t\t\t\t\tPaso 2\t\t\t\t\t\t<\/span>\n\t\t\t\t\t<\/h3>\n\t\t\t\t\n\t\t\t\t\t\t\t\t\t<p class=\"elementor-icon-box-description\">\n\t\t\t\t\t\tTe enviaremos un enlace de pago seguro a tu correo.\t\t\t\t\t<\/p>\n\t\t\t\t\n\t\t\t<\/div>\n\t\t\t\n\t\t<\/div>\n\t\t\t\t\t\t<\/div>\n\t\t\t\t<\/div>\n\t\t\t\t<\/div>\n\t\t<div class=\"elementor-element elementor-element-89e55d1 e-con-full e-flex e-con e-child\" data-id=\"89e55d1\" data-element_type=\"container\">\n\t\t\t\t<div class=\"elementor-element elementor-element-1a5adc9 elementor-view-default elementor-position-top elementor-mobile-position-top elementor-widget elementor-widget-icon-box\" data-id=\"1a5adc9\" data-element_type=\"widget\" data-widget_type=\"icon-box.default\">\n\t\t\t\t<div class=\"elementor-widget-container\">\n\t\t\t\t\t\t\t<div class=\"elementor-icon-box-wrapper\">\n\n\t\t\t\t\t\t<div class=\"elementor-icon-box-icon\">\n\t\t\t\t<span  class=\"elementor-icon\">\n\t\t\t\t<svg aria-hidden=\"true\" class=\"e-font-icon-svg e-fas-hand-point-down\" viewBox=\"0 0 384 512\" xmlns=\"http:\/\/www.w3.org\/2000\/svg\"><path d=\"M91.826 467.2V317.966c-8.248 5.841-16.558 10.57-24.918 14.153C35.098 345.752-.014 322.222 0 288c.008-18.616 10.897-32.203 29.092-40 28.286-12.122 64.329-78.648 77.323-107.534 7.956-17.857 25.479-28.453 43.845-28.464l.001-.002h171.526c11.812 0 21.897 8.596 23.703 20.269 7.25 46.837 38.483 61.76 38.315 123.731-.007 2.724.195 13.254.195 16 0 50.654-22.122 81.574-71.263 72.6-9.297 18.597-39.486 30.738-62.315 16.45-21.177 24.645-53.896 22.639-70.944 6.299V467.2c0 24.15-20.201 44.8-43.826 44.8-23.283 0-43.826-21.35-43.826-44.8zM112 72V24c0-13.255 10.745-24 24-24h192c13.255 0 24 10.745 24 24v48c0 13.255-10.745 24-24 24H136c-13.255 0-24-10.745-24-24zm212-24c0-11.046-8.954-20-20-20s-20 8.954-20 20 8.954 20 20 20 20-8.954 20-20z\"><\/path><\/svg>\t\t\t\t<\/span>\n\t\t\t<\/div>\n\t\t\t\n\t\t\t\t\t\t<div class=\"elementor-icon-box-content\">\n\n\t\t\t\t\t\t\t\t\t<h3 class=\"elementor-icon-box-title\">\n\t\t\t\t\t\t<span  >\n\t\t\t\t\t\t\tPaso 3\t\t\t\t\t\t<\/span>\n\t\t\t\t\t<\/h3>\n\t\t\t\t\n\t\t\t\t\t\t\t\t\t<p class=\"elementor-icon-box-description\">\n\t\t\t\t\t\tUna vez confirmado el pago, recibir\u00e1s acceso a la zona exclusiva para Alumni.\t\t\t\t\t<\/p>\n\t\t\t\t\n\t\t\t<\/div>\n\t\t\t\n\t\t<\/div>\n\t\t\t\t\t\t<\/div>\n\t\t\t\t<\/div>\n\t\t\t\t<\/div>\n\t\t\t\t\t<\/div>\n\t\t\t\t<\/div>\n\t\t<div class=\"elementor-element elementor-element-a0e639b e-flex e-con-boxed e-con e-parent\" data-id=\"a0e639b\" data-element_type=\"container\">\n\t\t\t\t\t<div class=\"e-con-inner\">\n\t\t\t\t<div class=\"elementor-element elementor-element-a6a50e1 elementor-widget elementor-widget-spacer\" data-id=\"a6a50e1\" data-element_type=\"widget\" data-widget_type=\"spacer.default\">\n\t\t\t\t<div class=\"elementor-widget-container\">\n\t\t\t\t\t\t\t<div class=\"elementor-spacer\">\n\t\t\t<div class=\"elementor-spacer-inner\"><\/div>\n\t\t<\/div>\n\t\t\t\t\t\t<\/div>\n\t\t\t\t<\/div>\n\t\t\t\t\t<\/div>\n\t\t\t\t<\/div>\n\t\t<div class=\"elementor-element elementor-element-adf024e e-flex e-con-boxed e-con e-parent\" data-id=\"adf024e\" data-element_type=\"container\">\n\t\t\t\t\t<div class=\"e-con-inner\">\n\t\t\t\t<div class=\"elementor-element elementor-element-5a79dca elementor-widget elementor-widget-heading\" data-id=\"5a79dca\" data-element_type=\"widget\" data-widget_type=\"heading.default\">\n\t\t\t\t<div class=\"elementor-widget-container\">\n\t\t\t\t\t<h2 class=\"elementor-heading-title elementor-size-default\">Formulario de activaci\u00f3n de membres\u00eda<\/h2>\t\t\t\t<\/div>\n\t\t\t\t<\/div>\n\t\t\t\t\t<\/div>\n\t\t\t\t<\/div>\n\t\t<div class=\"elementor-element elementor-element-e8ca218 e-flex e-con-boxed e-con e-parent\" data-id=\"e8ca218\" data-element_type=\"container\">\n\t\t\t\t\t<div class=\"e-con-inner\">\n\t\t<div class=\"elementor-element elementor-element-dfca8f1 e-con-full e-flex e-con e-child\" data-id=\"dfca8f1\" data-element_type=\"container\">\n\t\t\t\t<div class=\"elementor-element elementor-element-2379d8a elementor-button-align-center elementor-widget elementor-widget-form\" data-id=\"2379d8a\" data-element_type=\"widget\" data-settings=\"{&quot;step_next_label&quot;:&quot;Next&quot;,&quot;step_previous_label&quot;:&quot;Previous&quot;,&quot;button_width&quot;:&quot;100&quot;,&quot;step_type&quot;:&quot;number_text&quot;,&quot;step_icon_shape&quot;:&quot;circle&quot;}\" data-widget_type=\"form.default\">\n\t\t\t\t<div class=\"elementor-widget-container\">\n\t\t\t\t\t\t\t<form class=\"elementor-form\" method=\"post\" name=\"New Form\">\n\t\t\t<input type=\"hidden\" name=\"post_id\" value=\"45\"\/>\n\t\t\t<input type=\"hidden\" name=\"form_id\" value=\"2379d8a\"\/>\n\t\t\t<input type=\"hidden\" name=\"referer_title\" value=\"\" \/>\n\n\t\t\t\n\t\t\t<div class=\"elementor-form-fields-wrapper elementor-labels-above\">\n\t\t\t\t\t\t\t\t<div class=\"elementor-field-type-text elementor-field-group elementor-column elementor-field-group-name elementor-col-70\">\n\t\t\t\t\t\t\t\t\t\t\t\t<label for=\"form-field-name\" class=\"elementor-field-label\">\n\t\t\t\t\t\t\t\tNombre Apellido\t\t\t\t\t\t\t<\/label>\n\t\t\t\t\t\t\t\t\t\t\t\t\t\t<input size=\"1\" type=\"text\" name=\"form_fields[name]\" id=\"form-field-name\" class=\"elementor-field elementor-size-md  elementor-field-textual\" placeholder=\"Escribe tu nombre y apellido\">\n\t\t\t\t\t\t\t\t\t\t\t<\/div>\n\t\t\t\t\t\t\t\t<div class=\"elementor-field-type-number elementor-field-group elementor-column elementor-field-group-field_a572467 elementor-col-30 elementor-field-required elementor-mark-required\">\n\t\t\t\t\t\t\t\t\t\t\t\t<label for=\"form-field-field_a572467\" class=\"elementor-field-label\">\n\t\t\t\t\t\t\t\tRut\t\t\t\t\t\t\t<\/label>\n\t\t\t\t\t\t\t\t\t<input type=\"number\" name=\"form_fields[field_a572467]\" id=\"form-field-field_a572467\" class=\"elementor-field elementor-size-md  elementor-field-textual\" placeholder=\"Escribe tu rut\" required=\"required\" aria-required=\"true\" min=\"\" max=\"\" >\n\t\t\t\t\t\t<\/div>\n\t\t\t\t\t\t\t\t<div class=\"elementor-field-type-email elementor-field-group elementor-column elementor-field-group-email elementor-col-100 elementor-field-required elementor-mark-required\">\n\t\t\t\t\t\t\t\t\t\t\t\t<label for=\"form-field-email\" class=\"elementor-field-label\">\n\t\t\t\t\t\t\t\tCorreo Electr\u00f3nico\t\t\t\t\t\t\t<\/label>\n\t\t\t\t\t\t\t\t\t\t\t\t\t\t<input size=\"1\" type=\"email\" name=\"form_fields[email]\" id=\"form-field-email\" class=\"elementor-field elementor-size-md  elementor-field-textual\" placeholder=\"Escribe tu correo electr\u00f3nico\" required=\"required\" aria-required=\"true\">\n\t\t\t\t\t\t\t\t\t\t\t<\/div>\n\t\t\t\t\t\t\t\t<div class=\"elementor-field-type-tel elementor-field-group elementor-column elementor-field-group-field_f832352 elementor-col-50 elementor-field-required elementor-mark-required\">\n\t\t\t\t\t\t\t\t\t\t\t\t<label for=\"form-field-field_f832352\" class=\"elementor-field-label\">\n\t\t\t\t\t\t\t\tTel\u00e9fono celular\t\t\t\t\t\t\t<\/label>\n\t\t\t\t\t\t\t\t<input size=\"1\" type=\"tel\" name=\"form_fields[field_f832352]\" id=\"form-field-field_f832352\" class=\"elementor-field elementor-size-md  elementor-field-textual\" placeholder=\"Escribe tu n\u00famero de tel\u00e9fono\" required=\"required\" aria-required=\"true\" pattern=\"[0-9()#&amp;+*-=.]+\" title=\"Only numbers and phone characters (#, -, *, etc) are accepted.\">\n\n\t\t\t\t\t\t<\/div>\n\t\t\t\t\t\t\t\t<div class=\"elementor-field-type-date elementor-field-group elementor-column elementor-field-group-field_1066624 elementor-col-50 elementor-field-required elementor-mark-required\">\n\t\t\t\t\t\t\t\t\t\t\t\t<label for=\"form-field-field_1066624\" class=\"elementor-field-label\">\n\t\t\t\t\t\t\t\tA\u00f1o de egreso\t\t\t\t\t\t\t<\/label>\n\t\t\t\t\t\t\n\t\t<input type=\"date\" name=\"form_fields[field_1066624]\" id=\"form-field-field_1066624\" class=\"elementor-field elementor-size-md  elementor-field-textual elementor-date-field\" placeholder=\"Escribe tu a\u00f1o de egreso\" required=\"required\" aria-required=\"true\" pattern=\"[0-9]{4}-[0-9]{2}-[0-9]{2}\">\n\t\t\t\t\t\t<\/div>\n\t\t\t\t\t\t\t\t<div class=\"elementor-field-group elementor-column elementor-field-type-submit elementor-col-100 e-form__buttons\">\n\t\t\t\t\t<button type=\"submit\" class=\"elementor-button elementor-size-md\">\n\t\t\t\t\t\t<span >\n\t\t\t\t\t\t\t\t\t\t\t\t\t\t\t<span class=\" elementor-button-icon\">\n\t\t\t\t\t\t\t\t\t\t\t\t\t\t\t\t\t\t\t\t\t\t\t\t\t\t<\/span>\n\t\t\t\t\t\t\t\t\t\t\t\t\t\t\t\t\t\t\t\t\t\t<span class=\"elementor-button-text\">Enviar activaci\u00f3n membres\u00eda<\/span>\n\t\t\t\t\t\t\t\t\t\t\t\t\t<\/span>\n\t\t\t\t\t<\/button>\n\t\t\t\t<\/div>\n\t\t\t<\/div>\n\t\t<\/form>\n\t\t\t\t\t\t<\/div>\n\t\t\t\t<\/div>\n\t\t\t\t<div class=\"elementor-element elementor-element-46ac8e5 elementor-widget elementor-widget-text-editor\" data-id=\"46ac8e5\" data-element_type=\"widget\" data-widget_type=\"text-editor.default\">\n\t\t\t\t<div class=\"elementor-widget-container\">\n\t\t\t\t\t\t\t\t\t<p>*Todos los datos son requeridos.<\/p>\t\t\t\t\t\t\t\t<\/div>\n\t\t\t\t<\/div>\n\t\t\t\t<\/div>\n\t\t\t\t\t<\/div>\n\t\t\t\t<\/div>\n\t\t<div class=\"elementor-element elementor-element-8984412 e-flex e-con-boxed e-con e-parent\" data-id=\"8984412\" data-element_type=\"container\">\n\t\t\t\t\t<div class=\"e-con-inner\">\n\t\t\t\t<div class=\"elementor-element elementor-element-a550a61 elementor-widget elementor-widget-spacer\" data-id=\"a550a61\" data-element_type=\"widget\" data-widget_type=\"spacer.default\">\n\t\t\t\t<div class=\"elementor-widget-container\">\n\t\t\t\t\t\t\t<div class=\"elementor-spacer\">\n\t\t\t<div class=\"elementor-spacer-inner\"><\/div>\n\t\t<\/div>\n\t\t\t\t\t\t<\/div>\n\t\t\t\t<\/div>\n\t\t\t\t\t<\/div>\n\t\t\t\t<\/div>\n\t\t\t\t<\/div>\n\t\t","protected":false},"excerpt":{"rendered":"<p>S\u00e9 parte de la Red Alumni MBA USACH Activa tu membres\u00eda anual y accede a beneficios exclusivos Al integrarte a la Red Alumni MBA USACH, te conectas con una comunidad activa de l\u00edderes y profesionales, accedes a oportunidades \u00fanicas y fortaleces tu v\u00ednculo con el MBA que marc\u00f3 tu trayectoria. La membres\u00eda tiene un valor [&hellip;]<\/p>\n","protected":false},"author":1,"featured_media":0,"parent":0,"menu_order":0,"comment_status":"closed","ping_status":"closed","template":"","meta":{"footnotes":""},"class_list":["post-45","page","type-page","status-publish","hentry"],"_links":{"self":[{"href":"https:\/\/alumni.mbausach.cl\/index.php\/wp-json\/wp\/v2\/pages\/45","targetHints":{"allow":["GET"]}}],"collection":[{"href":"https:\/\/alumni.mbausach.cl\/index.php\/wp-json\/wp\/v2\/pages"}],"about":[{"href":"https:\/\/alumni.mbausach.cl\/index.php\/wp-json\/wp\/v2\/types\/page"}],"author":[{"embeddable":true,"href":"https:\/\/alumni.mbausach.cl\/index.php\/wp-json\/wp\/v2\/users\/1"}],"replies":[{"embeddable":true,"href":"https:\/\/alumni.mbausach.cl\/index.php\/wp-json\/wp\/v2\/comments?post=45"}],"version-history":[{"count":46,"href":"https:\/\/alumni.mbausach.cl\/index.php\/wp-json\/wp\/v2\/pages\/45\/revisions"}],"predecessor-version":[{"id":1281,"href":"https:\/\/alumni.mbausach.cl\/index.php\/wp-json\/wp\/v2\/pages\/45\/revisions\/1281"}],"wp:attachment":[{"href":"https:\/\/alumni.mbausach.cl\/index.php\/wp-json\/wp\/v2\/media?parent=45"}],"curies":[{"name":"wp","href":"https:\/\/api.w.org\/{rel}","templated":true}]}}