{"id":50,"date":"2025-04-24T21:55:34","date_gmt":"2025-04-24T19:55:34","guid":{"rendered":"https:\/\/alumni.mbausach.cl\/?page_id=50"},"modified":"2025-04-29T18:03:32","modified_gmt":"2025-04-29T16:03:32","slug":"noticias","status":"publish","type":"page","link":"https:\/\/alumni.mbausach.cl\/index.php\/noticias\/","title":{"rendered":"Noticias"},"content":{"rendered":"\t\t<div data-elementor-type=\"wp-page\" data-elementor-id=\"50\" class=\"elementor elementor-50\" data-elementor-post-type=\"page\">\n\t\t\t\t<div class=\"elementor-element elementor-element-10620bc e-con-full e-flex e-con e-parent\" data-id=\"10620bc\" data-element_type=\"container\">\n\t\t<div class=\"elementor-element elementor-element-2a64962 e-con-full e-flex e-con e-child\" data-id=\"2a64962\" data-element_type=\"container\" data-settings=\"{&quot;background_background&quot;:&quot;classic&quot;}\">\n\t\t\t\t<\/div>\n\t\t\t\t<\/div>\n\t\t<div class=\"elementor-element elementor-element-1a78862 e-flex e-con-boxed e-con e-parent\" data-id=\"1a78862\" data-element_type=\"container\">\n\t\t\t\t\t<div class=\"e-con-inner\">\n\t\t\t\t<div class=\"elementor-element elementor-element-993ce28 elementor-widget elementor-widget-spacer\" data-id=\"993ce28\" data-element_type=\"widget\" data-widget_type=\"spacer.default\">\n\t\t\t\t<div class=\"elementor-widget-container\">\n\t\t\t\t\t\t\t<div class=\"elementor-spacer\">\n\t\t\t<div class=\"elementor-spacer-inner\"><\/div>\n\t\t<\/div>\n\t\t\t\t\t\t<\/div>\n\t\t\t\t<\/div>\n\t\t\t\t\t<\/div>\n\t\t\t\t<\/div>\n\t\t<div class=\"elementor-element elementor-element-3046666 e-flex e-con-boxed e-con e-parent\" data-id=\"3046666\" data-element_type=\"container\">\n\t\t\t\t\t<div class=\"e-con-inner\">\n\t\t\t\t<div class=\"elementor-element elementor-element-76fbc75 elementor-widget elementor-widget-heading\" data-id=\"76fbc75\" data-element_type=\"widget\" data-widget_type=\"heading.default\">\n\t\t\t\t<div class=\"elementor-widget-container\">\n\t\t\t\t\t<h2 class=\"elementor-heading-title elementor-size-default\">Noticias Alumni MBA USACH<\/h2>\t\t\t\t<\/div>\n\t\t\t\t<\/div>\n\t\t\t\t<div class=\"elementor-element elementor-element-f800ded elementor-widget elementor-widget-text-editor\" data-id=\"f800ded\" data-element_type=\"widget\" data-widget_type=\"text-editor.default\">\n\t\t\t\t<div class=\"elementor-widget-container\">\n\t\t\t\t\t\t\t\t\t<p>Actual\u00edzate con todo lo que esta pasando con la comunidad Alumni MBA USACH y toda la Universidad.<\/p>\t\t\t\t\t\t\t\t<\/div>\n\t\t\t\t<\/div>\n\t\t\t\t\t<\/div>\n\t\t\t\t<\/div>\n\t\t<div class=\"elementor-element elementor-element-6f8c16e e-flex e-con-boxed e-con e-parent\" data-id=\"6f8c16e\" data-element_type=\"container\">\n\t\t\t\t\t<div class=\"e-con-inner\">\n\t\t\t\t<div class=\"elementor-element elementor-element-ba8f606 elementor-grid-3 elementor-grid-tablet-2 elementor-grid-mobile-1 elementor-posts--thumbnail-top elementor-card-shadow-yes elementor-posts__hover-gradient elementor-widget elementor-widget-posts\" data-id=\"ba8f606\" data-element_type=\"widget\" data-settings=\"{&quot;cards_masonry&quot;:&quot;yes&quot;,&quot;cards_row_gap&quot;:{&quot;unit&quot;:&quot;px&quot;,&quot;size&quot;:33,&quot;sizes&quot;:[]},&quot;cards_columns&quot;:&quot;3&quot;,&quot;cards_columns_tablet&quot;:&quot;2&quot;,&quot;cards_columns_mobile&quot;:&quot;1&quot;,&quot;cards_row_gap_tablet&quot;:{&quot;unit&quot;:&quot;px&quot;,&quot;size&quot;:&quot;&quot;,&quot;sizes&quot;:[]},&quot;cards_row_gap_mobile&quot;:{&quot;unit&quot;:&quot;px&quot;,&quot;size&quot;:&quot;&quot;,&quot;sizes&quot;:[]}}\" data-widget_type=\"posts.cards\">\n\t\t\t\t<div class=\"elementor-widget-container\">\n\t\t\t\t\t\t\t<div class=\"elementor-posts-container elementor-posts elementor-posts--skin-cards elementor-grid\">\n\t\t\t\t<article class=\"elementor-post elementor-grid-item post-725 post type-post status-publish format-standard has-post-thumbnail hentry category-alumni-mbausach\">\n\t\t\t<div class=\"elementor-post__card\">\n\t\t\t\t<a class=\"elementor-post__thumbnail__link\" href=\"https:\/\/alumni.mbausach.cl\/index.php\/2025\/04\/29\/red-de-mentores-del-mba-usach-proyecta-un-2025-lleno-de-iniciativas-y-compromiso-con-el-emprendimiento-y-la-formacion\/\" tabindex=\"-1\" ><div class=\"elementor-post__thumbnail\"><img fetchpriority=\"high\" decoding=\"async\" width=\"300\" height=\"169\" src=\"https:\/\/alumni.mbausach.cl\/wp-content\/uploads\/2025\/04\/06_ABR_noticia-300x169.jpg\" class=\"attachment-medium size-medium wp-image-726\" alt=\"\" srcset=\"https:\/\/alumni.mbausach.cl\/wp-content\/uploads\/2025\/04\/06_ABR_noticia-300x169.jpg 300w, https:\/\/alumni.mbausach.cl\/wp-content\/uploads\/2025\/04\/06_ABR_noticia-768x432.jpg 768w, https:\/\/alumni.mbausach.cl\/wp-content\/uploads\/2025\/04\/06_ABR_noticia.jpg 850w\" sizes=\"(max-width: 300px) 100vw, 300px\" \/><\/div><\/a>\n\t\t\t\t<div class=\"elementor-post__badge\">Alumni MBA USACH<\/div>\n\t\t\t\t<div class=\"elementor-post__text\">\n\t\t\t\t<h3 class=\"elementor-post__title\">\n\t\t\t<a href=\"https:\/\/alumni.mbausach.cl\/index.php\/2025\/04\/29\/red-de-mentores-del-mba-usach-proyecta-un-2025-lleno-de-iniciativas-y-compromiso-con-el-emprendimiento-y-la-formacion\/\" >\n\t\t\t\tRed de Mentores del MBA USACH proyecta un 2025 lleno de iniciativas y compromiso con el emprendimiento y la formaci\u00f3n\t\t\t<\/a>\n\t\t<\/h3>\n\t\t\n\t\t<a class=\"elementor-post__read-more\" href=\"https:\/\/alumni.mbausach.cl\/index.php\/2025\/04\/29\/red-de-mentores-del-mba-usach-proyecta-un-2025-lleno-de-iniciativas-y-compromiso-con-el-emprendimiento-y-la-formacion\/\" aria-label=\"Read more about Red de Mentores del MBA USACH proyecta un 2025 lleno de iniciativas y compromiso con el emprendimiento y la formaci\u00f3n\" tabindex=\"-1\" >\n\t\t\tLeer m\u00e1s \u00bb\t\t<\/a>\n\n\t\t\t\t<\/div>\n\t\t\t\t<div class=\"elementor-post__meta-data\">\n\t\t\t\t\t<span class=\"elementor-post-date\">\n\t\t\t29 de abril de 2025\t\t<\/span>\n\t\t\t\t<\/div>\n\t\t\t\t\t<\/div>\n\t\t<\/article>\n\t\t\t\t<article class=\"elementor-post elementor-grid-item post-477 post type-post status-publish format-standard has-post-thumbnail hentry category-alumni-mbausach\">\n\t\t\t<div class=\"elementor-post__card\">\n\t\t\t\t<a class=\"elementor-post__thumbnail__link\" href=\"https:\/\/alumni.mbausach.cl\/index.php\/2025\/04\/28\/del-mba-a-la-investigacion-academica-y-el-impacto-de-la-inteligencia-artificial-una-conversacion-con-ricardo-valenzuela-egresado-mba-usach\/\" tabindex=\"-1\" ><div class=\"elementor-post__thumbnail\"><img decoding=\"async\" width=\"300\" height=\"169\" src=\"https:\/\/alumni.mbausach.cl\/wp-content\/uploads\/2025\/04\/01_ABR_noticia-300x169.jpg\" class=\"attachment-medium size-medium wp-image-478\" alt=\"\" srcset=\"https:\/\/alumni.mbausach.cl\/wp-content\/uploads\/2025\/04\/01_ABR_noticia-300x169.jpg 300w, https:\/\/alumni.mbausach.cl\/wp-content\/uploads\/2025\/04\/01_ABR_noticia-768x432.jpg 768w, https:\/\/alumni.mbausach.cl\/wp-content\/uploads\/2025\/04\/01_ABR_noticia.jpg 850w\" sizes=\"(max-width: 300px) 100vw, 300px\" \/><\/div><\/a>\n\t\t\t\t<div class=\"elementor-post__badge\">Alumni MBA USACH<\/div>\n\t\t\t\t<div class=\"elementor-post__text\">\n\t\t\t\t<h3 class=\"elementor-post__title\">\n\t\t\t<a href=\"https:\/\/alumni.mbausach.cl\/index.php\/2025\/04\/28\/del-mba-a-la-investigacion-academica-y-el-impacto-de-la-inteligencia-artificial-una-conversacion-con-ricardo-valenzuela-egresado-mba-usach\/\" >\n\t\t\t\tDel MBA a la investigaci\u00f3n acad\u00e9mica y el impacto de la Inteligencia Artificial: Una conversaci\u00f3n con Ricardo Valenzuela, egresado MBA USACH\t\t\t<\/a>\n\t\t<\/h3>\n\t\t\n\t\t<a class=\"elementor-post__read-more\" href=\"https:\/\/alumni.mbausach.cl\/index.php\/2025\/04\/28\/del-mba-a-la-investigacion-academica-y-el-impacto-de-la-inteligencia-artificial-una-conversacion-con-ricardo-valenzuela-egresado-mba-usach\/\" aria-label=\"Read more about Del MBA a la investigaci\u00f3n acad\u00e9mica y el impacto de la Inteligencia Artificial: Una conversaci\u00f3n con Ricardo Valenzuela, egresado MBA USACH\" tabindex=\"-1\" >\n\t\t\tLeer m\u00e1s \u00bb\t\t<\/a>\n\n\t\t\t\t<\/div>\n\t\t\t\t<div class=\"elementor-post__meta-data\">\n\t\t\t\t\t<span class=\"elementor-post-date\">\n\t\t\t28 de abril de 2025\t\t<\/span>\n\t\t\t\t<\/div>\n\t\t\t\t\t<\/div>\n\t\t<\/article>\n\t\t\t\t<article class=\"elementor-post elementor-grid-item post-474 post type-post status-publish format-standard has-post-thumbnail hentry category-alumni-mbausach\">\n\t\t\t<div class=\"elementor-post__card\">\n\t\t\t\t<a class=\"elementor-post__thumbnail__link\" href=\"https:\/\/alumni.mbausach.cl\/index.php\/2025\/04\/28\/ia-y-nuevas-tecnologias-claves-para-el-futuro-del-emprendimiento\/\" tabindex=\"-1\" ><div class=\"elementor-post__thumbnail\"><img decoding=\"async\" width=\"300\" height=\"169\" src=\"https:\/\/alumni.mbausach.cl\/wp-content\/uploads\/2025\/04\/04_MAR_noticia-copia-300x169.jpg\" class=\"attachment-medium size-medium wp-image-475\" alt=\"\" srcset=\"https:\/\/alumni.mbausach.cl\/wp-content\/uploads\/2025\/04\/04_MAR_noticia-copia-300x169.jpg 300w, https:\/\/alumni.mbausach.cl\/wp-content\/uploads\/2025\/04\/04_MAR_noticia-copia-768x432.jpg 768w, https:\/\/alumni.mbausach.cl\/wp-content\/uploads\/2025\/04\/04_MAR_noticia-copia.jpg 850w\" sizes=\"(max-width: 300px) 100vw, 300px\" \/><\/div><\/a>\n\t\t\t\t<div class=\"elementor-post__badge\">Alumni MBA USACH<\/div>\n\t\t\t\t<div class=\"elementor-post__text\">\n\t\t\t\t<h3 class=\"elementor-post__title\">\n\t\t\t<a href=\"https:\/\/alumni.mbausach.cl\/index.php\/2025\/04\/28\/ia-y-nuevas-tecnologias-claves-para-el-futuro-del-emprendimiento\/\" >\n\t\t\t\tIA y Nuevas Tecnolog\u00edas: Claves para el futuro del emprendimiento\t\t\t<\/a>\n\t\t<\/h3>\n\t\t\n\t\t<a class=\"elementor-post__read-more\" href=\"https:\/\/alumni.mbausach.cl\/index.php\/2025\/04\/28\/ia-y-nuevas-tecnologias-claves-para-el-futuro-del-emprendimiento\/\" aria-label=\"Read more about IA y Nuevas Tecnolog\u00edas: Claves para el futuro del emprendimiento\" tabindex=\"-1\" >\n\t\t\tLeer m\u00e1s \u00bb\t\t<\/a>\n\n\t\t\t\t<\/div>\n\t\t\t\t<div class=\"elementor-post__meta-data\">\n\t\t\t\t\t<span class=\"elementor-post-date\">\n\t\t\t28 de abril de 2025\t\t<\/span>\n\t\t\t\t<\/div>\n\t\t\t\t\t<\/div>\n\t\t<\/article>\n\t\t\t\t<article class=\"elementor-post elementor-grid-item post-471 post type-post status-publish format-standard has-post-thumbnail hentry category-alumni-mbausach\">\n\t\t\t<div class=\"elementor-post__card\">\n\t\t\t\t<a class=\"elementor-post__thumbnail__link\" href=\"https:\/\/alumni.mbausach.cl\/index.php\/2025\/04\/28\/mba-usach-realiza-reunion-con-la-red-de-egresados-as-para-avanzar-en-la-organizacion-del-encuentro-anual-2025\/\" tabindex=\"-1\" ><div class=\"elementor-post__thumbnail\"><img loading=\"lazy\" decoding=\"async\" width=\"300\" height=\"169\" src=\"https:\/\/alumni.mbausach.cl\/wp-content\/uploads\/2025\/04\/05_MAR_noticia-300x169.jpg\" class=\"attachment-medium size-medium wp-image-472\" alt=\"\" srcset=\"https:\/\/alumni.mbausach.cl\/wp-content\/uploads\/2025\/04\/05_MAR_noticia-300x169.jpg 300w, https:\/\/alumni.mbausach.cl\/wp-content\/uploads\/2025\/04\/05_MAR_noticia-768x432.jpg 768w, https:\/\/alumni.mbausach.cl\/wp-content\/uploads\/2025\/04\/05_MAR_noticia.jpg 850w\" sizes=\"(max-width: 300px) 100vw, 300px\" \/><\/div><\/a>\n\t\t\t\t<div class=\"elementor-post__badge\">Alumni MBA USACH<\/div>\n\t\t\t\t<div class=\"elementor-post__text\">\n\t\t\t\t<h3 class=\"elementor-post__title\">\n\t\t\t<a href=\"https:\/\/alumni.mbausach.cl\/index.php\/2025\/04\/28\/mba-usach-realiza-reunion-con-la-red-de-egresados-as-para-avanzar-en-la-organizacion-del-encuentro-anual-2025\/\" >\n\t\t\t\tMBA USACH realiza reuni\u00f3n con la Red de Egresados\/as para avanzar en la organizaci\u00f3n del Encuentro Anual 2025\t\t\t<\/a>\n\t\t<\/h3>\n\t\t\n\t\t<a class=\"elementor-post__read-more\" href=\"https:\/\/alumni.mbausach.cl\/index.php\/2025\/04\/28\/mba-usach-realiza-reunion-con-la-red-de-egresados-as-para-avanzar-en-la-organizacion-del-encuentro-anual-2025\/\" aria-label=\"Read more about MBA USACH realiza reuni\u00f3n con la Red de Egresados\/as para avanzar en la organizaci\u00f3n del Encuentro Anual 2025\" tabindex=\"-1\" >\n\t\t\tLeer m\u00e1s \u00bb\t\t<\/a>\n\n\t\t\t\t<\/div>\n\t\t\t\t<div class=\"elementor-post__meta-data\">\n\t\t\t\t\t<span class=\"elementor-post-date\">\n\t\t\t28 de abril de 2025\t\t<\/span>\n\t\t\t\t<\/div>\n\t\t\t\t\t<\/div>\n\t\t<\/article>\n\t\t\t\t<article class=\"elementor-post elementor-grid-item post-468 post type-post status-publish format-standard has-post-thumbnail hentry category-mbausach\">\n\t\t\t<div class=\"elementor-post__card\">\n\t\t\t\t<a class=\"elementor-post__thumbnail__link\" href=\"https:\/\/alumni.mbausach.cl\/index.php\/2025\/04\/28\/la-automatizacion-llego-para-quedarse-karla-ramirez-gerente-de-desarrollo-de-negocios-emerson-en-charla-dictada-en-el-mba-usach\/\" tabindex=\"-1\" ><div class=\"elementor-post__thumbnail\"><img loading=\"lazy\" decoding=\"async\" width=\"300\" height=\"169\" src=\"https:\/\/alumni.mbausach.cl\/wp-content\/uploads\/2025\/04\/02_ABR_noticia-300x169.jpg\" class=\"attachment-medium size-medium wp-image-469\" alt=\"\" srcset=\"https:\/\/alumni.mbausach.cl\/wp-content\/uploads\/2025\/04\/02_ABR_noticia-300x169.jpg 300w, https:\/\/alumni.mbausach.cl\/wp-content\/uploads\/2025\/04\/02_ABR_noticia-768x432.jpg 768w, https:\/\/alumni.mbausach.cl\/wp-content\/uploads\/2025\/04\/02_ABR_noticia.jpg 850w\" sizes=\"(max-width: 300px) 100vw, 300px\" \/><\/div><\/a>\n\t\t\t\t<div class=\"elementor-post__badge\">MBA USACH<\/div>\n\t\t\t\t<div class=\"elementor-post__text\">\n\t\t\t\t<h3 class=\"elementor-post__title\">\n\t\t\t<a href=\"https:\/\/alumni.mbausach.cl\/index.php\/2025\/04\/28\/la-automatizacion-llego-para-quedarse-karla-ramirez-gerente-de-desarrollo-de-negocios-emerson-en-charla-dictada-en-el-mba-usach\/\" >\n\t\t\t\t\u201cLa automatizaci\u00f3n lleg\u00f3 para quedarse\u201d: Karla Ram\u00edrez, gerente de Desarrollo de Negocios Emerson, en charla dictada en el MBA USACH\t\t\t<\/a>\n\t\t<\/h3>\n\t\t\n\t\t<a class=\"elementor-post__read-more\" href=\"https:\/\/alumni.mbausach.cl\/index.php\/2025\/04\/28\/la-automatizacion-llego-para-quedarse-karla-ramirez-gerente-de-desarrollo-de-negocios-emerson-en-charla-dictada-en-el-mba-usach\/\" aria-label=\"Read more about \u201cLa automatizaci\u00f3n lleg\u00f3 para quedarse\u201d: Karla Ram\u00edrez, gerente de Desarrollo de Negocios Emerson, en charla dictada en el MBA USACH\" tabindex=\"-1\" >\n\t\t\tLeer m\u00e1s \u00bb\t\t<\/a>\n\n\t\t\t\t<\/div>\n\t\t\t\t<div class=\"elementor-post__meta-data\">\n\t\t\t\t\t<span class=\"elementor-post-date\">\n\t\t\t28 de abril de 2025\t\t<\/span>\n\t\t\t\t<\/div>\n\t\t\t\t\t<\/div>\n\t\t<\/article>\n\t\t\t\t<article class=\"elementor-post elementor-grid-item post-465 post type-post status-publish format-standard has-post-thumbnail hentry category-mbausach\">\n\t\t\t<div class=\"elementor-post__card\">\n\t\t\t\t<a class=\"elementor-post__thumbnail__link\" href=\"https:\/\/alumni.mbausach.cl\/index.php\/2025\/04\/28\/colaboracion-entre-la-fae-y-banco-itau-da-vida-a-un-espacio-de-formacion-de-excelencia-que-conecta-a-la-academia-con-el-mundo-de-las-finanzas\/\" tabindex=\"-1\" ><div class=\"elementor-post__thumbnail\"><img loading=\"lazy\" decoding=\"async\" width=\"300\" height=\"169\" src=\"https:\/\/alumni.mbausach.cl\/wp-content\/uploads\/2025\/04\/03_ABR_noticia-300x169.jpg\" class=\"attachment-medium size-medium wp-image-466\" alt=\"\" srcset=\"https:\/\/alumni.mbausach.cl\/wp-content\/uploads\/2025\/04\/03_ABR_noticia-300x169.jpg 300w, https:\/\/alumni.mbausach.cl\/wp-content\/uploads\/2025\/04\/03_ABR_noticia-768x432.jpg 768w, https:\/\/alumni.mbausach.cl\/wp-content\/uploads\/2025\/04\/03_ABR_noticia.jpg 850w\" sizes=\"(max-width: 300px) 100vw, 300px\" \/><\/div><\/a>\n\t\t\t\t<div class=\"elementor-post__badge\">MBA USACH<\/div>\n\t\t\t\t<div class=\"elementor-post__text\">\n\t\t\t\t<h3 class=\"elementor-post__title\">\n\t\t\t<a href=\"https:\/\/alumni.mbausach.cl\/index.php\/2025\/04\/28\/colaboracion-entre-la-fae-y-banco-itau-da-vida-a-un-espacio-de-formacion-de-excelencia-que-conecta-a-la-academia-con-el-mundo-de-las-finanzas\/\" >\n\t\t\t\tColaboraci\u00f3n entre la FAE y Banco Ita\u00fa da vida a un espacio de formaci\u00f3n de excelencia, que conecta a la academia con el mundo de las finanzas\t\t\t<\/a>\n\t\t<\/h3>\n\t\t\n\t\t<a class=\"elementor-post__read-more\" href=\"https:\/\/alumni.mbausach.cl\/index.php\/2025\/04\/28\/colaboracion-entre-la-fae-y-banco-itau-da-vida-a-un-espacio-de-formacion-de-excelencia-que-conecta-a-la-academia-con-el-mundo-de-las-finanzas\/\" aria-label=\"Read more about Colaboraci\u00f3n entre la FAE y Banco Ita\u00fa da vida a un espacio de formaci\u00f3n de excelencia, que conecta a la academia con el mundo de las finanzas\" tabindex=\"-1\" >\n\t\t\tLeer m\u00e1s \u00bb\t\t<\/a>\n\n\t\t\t\t<\/div>\n\t\t\t\t<div class=\"elementor-post__meta-data\">\n\t\t\t\t\t<span class=\"elementor-post-date\">\n\t\t\t28 de abril de 2025\t\t<\/span>\n\t\t\t\t<\/div>\n\t\t\t\t\t<\/div>\n\t\t<\/article>\n\t\t\t\t<\/div>\n\t\t\n\t\t\t\t\t\t<\/div>\n\t\t\t\t<\/div>\n\t\t\t\t\t<\/div>\n\t\t\t\t<\/div>\n\t\t<div class=\"elementor-element elementor-element-a3b45db e-flex e-con-boxed e-con e-parent\" data-id=\"a3b45db\" data-element_type=\"container\">\n\t\t\t\t\t<div class=\"e-con-inner\">\n\t\t\t\t<div class=\"elementor-element elementor-element-6a506d9 elementor-widget elementor-widget-spacer\" data-id=\"6a506d9\" data-element_type=\"widget\" data-widget_type=\"spacer.default\">\n\t\t\t\t<div class=\"elementor-widget-container\">\n\t\t\t\t\t\t\t<div class=\"elementor-spacer\">\n\t\t\t<div class=\"elementor-spacer-inner\"><\/div>\n\t\t<\/div>\n\t\t\t\t\t\t<\/div>\n\t\t\t\t<\/div>\n\t\t\t\t\t<\/div>\n\t\t\t\t<\/div>\n\t\t\t\t<\/div>\n\t\t","protected":false},"excerpt":{"rendered":"<p>Noticias Alumni MBA USACH Actual\u00edzate con todo lo que esta pasando con la comunidad Alumni MBA USACH y toda la Universidad.<\/p>\n","protected":false},"author":1,"featured_media":0,"parent":0,"menu_order":0,"comment_status":"closed","ping_status":"closed","template":"","meta":{"footnotes":""},"class_list":["post-50","page","type-page","status-publish","hentry"],"_links":{"self":[{"href":"https:\/\/alumni.mbausach.cl\/index.php\/wp-json\/wp\/v2\/pages\/50","targetHints":{"allow":["GET"]}}],"collection":[{"href":"https:\/\/alumni.mbausach.cl\/index.php\/wp-json\/wp\/v2\/pages"}],"about":[{"href":"https:\/\/alumni.mbausach.cl\/index.php\/wp-json\/wp\/v2\/types\/page"}],"author":[{"embeddable":true,"href":"https:\/\/alumni.mbausach.cl\/index.php\/wp-json\/wp\/v2\/users\/1"}],"replies":[{"embeddable":true,"href":"https:\/\/alumni.mbausach.cl\/index.php\/wp-json\/wp\/v2\/comments?post=50"}],"version-history":[{"count":46,"href":"https:\/\/alumni.mbausach.cl\/index.php\/wp-json\/wp\/v2\/pages\/50\/revisions"}],"predecessor-version":[{"id":695,"href":"https:\/\/alumni.mbausach.cl\/index.php\/wp-json\/wp\/v2\/pages\/50\/revisions\/695"}],"wp:attachment":[{"href":"https:\/\/alumni.mbausach.cl\/index.php\/wp-json\/wp\/v2\/media?parent=50"}],"curies":[{"name":"wp","href":"https:\/\/api.w.org\/{rel}","templated":true}]}}